{"id":235,"date":"2020-11-08T16:03:49","date_gmt":"2020-11-08T15:03:49","guid":{"rendered":"https:\/\/diag-kal.fr\/?page_id=235"},"modified":"2021-05-25T19:20:35","modified_gmt":"2021-05-25T17:20:35","slug":"reparation","status":"publish","type":"page","link":"https:\/\/diag-kal.fr\/index.php\/reparation\/","title":{"rendered":"R\u00e9paration"},"content":{"rendered":"\t\t<div data-elementor-type=\"wp-page\" data-elementor-id=\"235\" class=\"elementor elementor-235\" data-elementor-settings=\"[]\">\n\t\t\t\t\t\t<div class=\"elementor-inner\">\n\t\t\t\t\t\t\t<div class=\"elementor-section-wrap\">\n\t\t\t\t\t\t\t<section class=\"elementor-section elementor-top-section elementor-element elementor-element-97a4f8c elementor-section-boxed elementor-section-height-default elementor-section-height-default\" data-id=\"97a4f8c\" data-element_type=\"section\">\n\t\t\t\t\t\t<div class=\"elementor-container elementor-column-gap-default\">\n\t\t\t\t\t\t\t<div class=\"elementor-row\">\n\t\t\t\t\t<div class=\"elementor-column elementor-col-100 elementor-top-column elementor-element elementor-element-390c91d\" data-id=\"390c91d\" data-element_type=\"column\">\n\t\t\t<div class=\"elementor-column-wrap elementor-element-populated\">\n\t\t\t\t\t\t\t<div class=\"elementor-widget-wrap\">\n\t\t\t\t\t\t<div class=\"elementor-element elementor-element-8fc38c4 eael-dual-header-content-align-center elementor-widget elementor-widget-eael-dual-color-header\" data-id=\"8fc38c4\" data-element_type=\"widget\" data-widget_type=\"eael-dual-color-header.default\">\n\t\t\t\t<div class=\"elementor-widget-container\">\n\t\t\t\n                <div class=\"eael-dual-header\">\n                <h2 class=\"title\"><span class=\"lead\"><\/span> <span>R\u00e9paration<\/span><\/h2>\n                <span class=\"subtext\"><\/span>\n                <\/div>\n    \n        \n        \n        \n        \t\t<\/div>\n\t\t\t\t<\/div>\n\t\t\t\t\t\t<\/div>\n\t\t\t\t\t<\/div>\n\t\t<\/div>\n\t\t\t\t\t\t\t\t<\/div>\n\t\t\t\t\t<\/div>\n\t\t<\/section>\n\t\t\t\t<section class=\"elementor-section elementor-top-section elementor-element elementor-element-6a27832 elementor-section-boxed elementor-section-height-default elementor-section-height-default\" data-id=\"6a27832\" data-element_type=\"section\">\n\t\t\t\t\t\t<div class=\"elementor-container elementor-column-gap-default\">\n\t\t\t\t\t\t\t<div class=\"elementor-row\">\n\t\t\t\t\t<div class=\"elementor-column elementor-col-100 elementor-top-column elementor-element elementor-element-8713a5a\" data-id=\"8713a5a\" data-element_type=\"column\">\n\t\t\t<div class=\"elementor-column-wrap elementor-element-populated\">\n\t\t\t\t\t\t\t<div class=\"elementor-widget-wrap\">\n\t\t\t\t\t\t<div class=\"elementor-element elementor-element-84a9eed elementor-grid-2 elementor-grid-tablet-2 elementor-grid-mobile-1 eael-fg-card-content-align-left elementor-widget elementor-widget-eael-filterable-gallery\" data-id=\"84a9eed\" data-element_type=\"widget\" data-settings=\"{&quot;columns&quot;:&quot;2&quot;,&quot;columns_tablet&quot;:&quot;2&quot;,&quot;columns_mobile&quot;:&quot;1&quot;,&quot;photo_gallery&quot;:&quot;yes&quot;,&quot;pagination&quot;:&quot;false&quot;}\" data-widget_type=\"eael-filterable-gallery.default\">\n\t\t\t\t<div class=\"elementor-widget-container\">\n\t\t\t        <div id=\"eael-filter-gallery-wrapper-84a9eed\" class=\"eael-filter-gallery-wrapper\" data-layout-mode=\"layout_3\" data-mfp_caption=\"\">\n            \n            \n            <div class=\"eael-filter-gallery-container eael-filter-gallery-grid\" data-images-per-page=\"\" data-total-gallery-items=\"6\" data-nomore-item-text=\"\" data-settings=\"{&quot;grid_style&quot;:&quot;grid&quot;,&quot;popup&quot;:null,&quot;duration&quot;:500,&quot;gallery_enabled&quot;:&quot;yes&quot;,&quot;post_id&quot;:235,&quot;widget_id&quot;:&quot;84a9eed&quot;}\" data-gallery-items=\"[&quot;&lt;div class=\\&quot;eael-filterable-gallery-item-wrap eael-cf-\\&quot; data-search-key=\\&quot;parebrise\\&quot;&gt;&lt;div class=\\&quot;fg-layout-3-item eael-gallery-grid-item\\&quot;&gt;&lt;a href=\\&quot;https:\\\/\\\/diag-kal.fr\\\/wp-content\\\/uploads\\\/2021\\\/05\\\/remplacement-parebrise-impact-e1621963122753.jpeg\\&quot; class=\\&quot;eael-magnific-link media-content-wrap\\&quot; data-elementor-open-lightbox=\\&quot;no\\&quot;&gt;&lt;div class=\\&quot;fg-layout-3-item-thumb\\&quot;&gt;&lt;img src=\\&quot;https:\\\/\\\/diag-kal.fr\\\/wp-content\\\/uploads\\\/2021\\\/05\\\/remplacement-parebrise-impact-e1621963122753.jpeg\\&quot; data-lazy-src=\\&quot;https:\\\/\\\/diag-kal.fr\\\/wp-content\\\/uploads\\\/2021\\\/05\\\/remplacement-parebrise-impact-e1621963122753.jpeg\\&quot; alt=\\&quot;\\&quot; class=\\&quot;gallery-item-thumbnail\\&quot;&gt;&lt;div class=\\&quot;gallery-item-caption-wrap card-hover-bg caption-style-hoverer\\&quot;&gt;&lt;div class=\\&quot;fg-caption-head\\&quot;&gt;&lt;\\\/div&gt;&lt;\\\/div&gt;&lt;\\\/div&gt;&lt;\\\/a&gt;&lt;div class=\\&quot;fg-layout-3-item-content\\&quot;&gt;&lt;h5 class=\\&quot;fg-item-title\\&quot;&gt;Parebrise&lt;\\\/h5&gt;&lt;div class=\\&quot;fg-item-content\\&quot;&gt;&lt;p&gt;D\\u00e8s qu\\u2019il y a une fissure ou autres d\\u00e9fauts, nous changeons le pare-brise, nous commandons le pare-brise dans la marque d\\u2019origine.&lt;\\\/p&gt;\\n&lt;\\\/div&gt;&lt;\\\/div&gt;&lt;\\\/div&gt;&lt;\\\/div&gt;&quot;,&quot;&lt;div class=\\&quot;eael-filterable-gallery-item-wrap eael-cf-\\&quot; data-search-key=\\&quot;carrosserie\\&quot;&gt;&lt;div class=\\&quot;fg-layout-3-item eael-gallery-grid-item\\&quot;&gt;&lt;a href=\\&quot;https:\\\/\\\/diag-kal.fr\\\/wp-content\\\/uploads\\\/2021\\\/05\\\/combien-coute-la-carrosserie-dune-voiture-750x410-1-e1621963097104.jpeg\\&quot; class=\\&quot;eael-magnific-link media-content-wrap\\&quot; data-elementor-open-lightbox=\\&quot;no\\&quot;&gt;&lt;div class=\\&quot;fg-layout-3-item-thumb\\&quot;&gt;&lt;img src=\\&quot;https:\\\/\\\/diag-kal.fr\\\/wp-content\\\/uploads\\\/2021\\\/05\\\/combien-coute-la-carrosserie-dune-voiture-750x410-1-e1621963097104.jpeg\\&quot; data-lazy-src=\\&quot;https:\\\/\\\/diag-kal.fr\\\/wp-content\\\/uploads\\\/2021\\\/05\\\/combien-coute-la-carrosserie-dune-voiture-750x410-1-e1621963097104.jpeg\\&quot; alt=\\&quot;\\&quot; class=\\&quot;gallery-item-thumbnail\\&quot;&gt;&lt;div class=\\&quot;gallery-item-caption-wrap card-hover-bg caption-style-hoverer\\&quot;&gt;&lt;div class=\\&quot;fg-caption-head\\&quot;&gt;&lt;\\\/div&gt;&lt;\\\/div&gt;&lt;\\\/div&gt;&lt;\\\/a&gt;&lt;div class=\\&quot;fg-layout-3-item-content\\&quot;&gt;&lt;h5 class=\\&quot;fg-item-title\\&quot;&gt;Carrosserie&lt;\\\/h5&gt;&lt;div class=\\&quot;fg-item-content\\&quot;&gt;&lt;p&gt;Gr\\u00e2ce \\u00e0 nos partenariats nous vous proposons la r\\u00e9paration de carrosserie, nous faisons un devis puis prise de rendez-vous pour la r\\u00e9paration.&lt;\\\/p&gt;\\n&lt;\\\/div&gt;&lt;\\\/div&gt;&lt;\\\/div&gt;&lt;\\\/div&gt;&quot;,&quot;&lt;div class=\\&quot;eael-filterable-gallery-item-wrap eael-cf-\\&quot; data-search-key=\\&quot;gallery-item-name\\&quot;&gt;&lt;div class=\\&quot;fg-layout-3-item eael-gallery-grid-item\\&quot;&gt;&lt;a href=\\&quot;https:\\\/\\\/diag-kal.fr\\\/wp-content\\\/plugins\\\/essential-addons-for-elementor-lite\\\/\\\/assets\\\/front-end\\\/img\\\/flexia-preview.jpg\\&quot; class=\\&quot;eael-magnific-link media-content-wrap\\&quot; data-elementor-open-lightbox=\\&quot;no\\&quot;&gt;&lt;div class=\\&quot;fg-layout-3-item-thumb\\&quot;&gt;&lt;img src=\\&quot;https:\\\/\\\/diag-kal.fr\\\/wp-content\\\/plugins\\\/essential-addons-for-elementor-lite\\\/\\\/assets\\\/front-end\\\/img\\\/flexia-preview.jpg\\&quot; data-lazy-src=\\&quot;https:\\\/\\\/diag-kal.fr\\\/wp-content\\\/plugins\\\/essential-addons-for-elementor-lite\\\/\\\/assets\\\/front-end\\\/img\\\/flexia-preview.jpg\\&quot; alt=\\&quot;\\&quot; class=\\&quot;gallery-item-thumbnail\\&quot;&gt;&lt;div class=\\&quot;gallery-item-caption-wrap card-hover-bg caption-style-hoverer\\&quot;&gt;&lt;div class=\\&quot;fg-caption-head\\&quot;&gt;&lt;\\\/div&gt;&lt;\\\/div&gt;&lt;\\\/div&gt;&lt;\\\/a&gt;&lt;div class=\\&quot;fg-layout-3-item-content\\&quot;&gt;&lt;h5 class=\\&quot;fg-item-title\\&quot;&gt;Gallery Item Name&lt;\\\/h5&gt;&lt;div class=\\&quot;fg-item-content\\&quot;&gt;&lt;p&gt;Lorem ipsum dolor sit amet, consectetur adipisicing elit. Quidem, provident.&lt;\\\/p&gt;\\n&lt;\\\/div&gt;&lt;\\\/div&gt;&lt;\\\/div&gt;&lt;\\\/div&gt;&quot;,&quot;&lt;div class=\\&quot;eael-filterable-gallery-item-wrap eael-cf-\\&quot; data-search-key=\\&quot;gallery-item-name\\&quot;&gt;&lt;div class=\\&quot;fg-layout-3-item eael-gallery-grid-item\\&quot;&gt;&lt;a href=\\&quot;https:\\\/\\\/diag-kal.fr\\\/wp-content\\\/plugins\\\/essential-addons-for-elementor-lite\\\/\\\/assets\\\/front-end\\\/img\\\/flexia-preview.jpg\\&quot; class=\\&quot;eael-magnific-link media-content-wrap\\&quot; data-elementor-open-lightbox=\\&quot;no\\&quot;&gt;&lt;div class=\\&quot;fg-layout-3-item-thumb\\&quot;&gt;&lt;img src=\\&quot;https:\\\/\\\/diag-kal.fr\\\/wp-content\\\/plugins\\\/essential-addons-for-elementor-lite\\\/\\\/assets\\\/front-end\\\/img\\\/flexia-preview.jpg\\&quot; data-lazy-src=\\&quot;https:\\\/\\\/diag-kal.fr\\\/wp-content\\\/plugins\\\/essential-addons-for-elementor-lite\\\/\\\/assets\\\/front-end\\\/img\\\/flexia-preview.jpg\\&quot; alt=\\&quot;\\&quot; class=\\&quot;gallery-item-thumbnail\\&quot;&gt;&lt;div class=\\&quot;gallery-item-caption-wrap card-hover-bg caption-style-hoverer\\&quot;&gt;&lt;div class=\\&quot;fg-caption-head\\&quot;&gt;&lt;\\\/div&gt;&lt;\\\/div&gt;&lt;\\\/div&gt;&lt;\\\/a&gt;&lt;div class=\\&quot;fg-layout-3-item-content\\&quot;&gt;&lt;h5 class=\\&quot;fg-item-title\\&quot;&gt;Gallery Item Name&lt;\\\/h5&gt;&lt;div class=\\&quot;fg-item-content\\&quot;&gt;&lt;p&gt;Lorem ipsum dolor sit amet, consectetur adipisicing elit. Quidem, provident.&lt;\\\/p&gt;\\n&lt;\\\/div&gt;&lt;\\\/div&gt;&lt;\\\/div&gt;&lt;\\\/div&gt;&quot;,&quot;&lt;div class=\\&quot;eael-filterable-gallery-item-wrap eael-cf-\\&quot; data-search-key=\\&quot;gallery-item-name\\&quot;&gt;&lt;div class=\\&quot;fg-layout-3-item eael-gallery-grid-item\\&quot;&gt;&lt;a href=\\&quot;https:\\\/\\\/diag-kal.fr\\\/wp-content\\\/plugins\\\/essential-addons-for-elementor-lite\\\/\\\/assets\\\/front-end\\\/img\\\/flexia-preview.jpg\\&quot; class=\\&quot;eael-magnific-link media-content-wrap\\&quot; data-elementor-open-lightbox=\\&quot;no\\&quot;&gt;&lt;div class=\\&quot;fg-layout-3-item-thumb\\&quot;&gt;&lt;img src=\\&quot;https:\\\/\\\/diag-kal.fr\\\/wp-content\\\/plugins\\\/essential-addons-for-elementor-lite\\\/\\\/assets\\\/front-end\\\/img\\\/flexia-preview.jpg\\&quot; data-lazy-src=\\&quot;https:\\\/\\\/diag-kal.fr\\\/wp-content\\\/plugins\\\/essential-addons-for-elementor-lite\\\/\\\/assets\\\/front-end\\\/img\\\/flexia-preview.jpg\\&quot; alt=\\&quot;\\&quot; class=\\&quot;gallery-item-thumbnail\\&quot;&gt;&lt;div class=\\&quot;gallery-item-caption-wrap card-hover-bg caption-style-hoverer\\&quot;&gt;&lt;div class=\\&quot;fg-caption-head\\&quot;&gt;&lt;\\\/div&gt;&lt;\\\/div&gt;&lt;\\\/div&gt;&lt;\\\/a&gt;&lt;div class=\\&quot;fg-layout-3-item-content\\&quot;&gt;&lt;h5 class=\\&quot;fg-item-title\\&quot;&gt;Gallery Item Name&lt;\\\/h5&gt;&lt;div class=\\&quot;fg-item-content\\&quot;&gt;&lt;p&gt;Lorem ipsum dolor sit amet, consectetur adipisicing elit. Quidem, provident.&lt;\\\/p&gt;\\n&lt;\\\/div&gt;&lt;\\\/div&gt;&lt;\\\/div&gt;&lt;\\\/div&gt;&quot;,&quot;&lt;div class=\\&quot;eael-filterable-gallery-item-wrap eael-cf-\\&quot; data-search-key=\\&quot;gallery-item-name\\&quot;&gt;&lt;div class=\\&quot;fg-layout-3-item eael-gallery-grid-item\\&quot;&gt;&lt;a href=\\&quot;https:\\\/\\\/diag-kal.fr\\\/wp-content\\\/plugins\\\/essential-addons-for-elementor-lite\\\/\\\/assets\\\/front-end\\\/img\\\/flexia-preview.jpg\\&quot; class=\\&quot;eael-magnific-link media-content-wrap\\&quot; data-elementor-open-lightbox=\\&quot;no\\&quot;&gt;&lt;div class=\\&quot;fg-layout-3-item-thumb\\&quot;&gt;&lt;img src=\\&quot;https:\\\/\\\/diag-kal.fr\\\/wp-content\\\/plugins\\\/essential-addons-for-elementor-lite\\\/\\\/assets\\\/front-end\\\/img\\\/flexia-preview.jpg\\&quot; data-lazy-src=\\&quot;https:\\\/\\\/diag-kal.fr\\\/wp-content\\\/plugins\\\/essential-addons-for-elementor-lite\\\/\\\/assets\\\/front-end\\\/img\\\/flexia-preview.jpg\\&quot; alt=\\&quot;\\&quot; class=\\&quot;gallery-item-thumbnail\\&quot;&gt;&lt;div class=\\&quot;gallery-item-caption-wrap card-hover-bg caption-style-hoverer\\&quot;&gt;&lt;div class=\\&quot;fg-caption-head\\&quot;&gt;&lt;\\\/div&gt;&lt;\\\/div&gt;&lt;\\\/div&gt;&lt;\\\/a&gt;&lt;div class=\\&quot;fg-layout-3-item-content\\&quot;&gt;&lt;h5 class=\\&quot;fg-item-title\\&quot;&gt;Gallery Item Name&lt;\\\/h5&gt;&lt;div class=\\&quot;fg-item-content\\&quot;&gt;&lt;p&gt;Lorem ipsum dolor sit amet, consectetur adipisicing elit. Quidem, provident.&lt;\\\/p&gt;\\n&lt;\\\/div&gt;&lt;\\\/div&gt;&lt;\\\/div&gt;&lt;\\\/div&gt;&quot;]\" data-init-show=\"2\">\n                <div class=\"eael-filterable-gallery-item-wrap eael-cf-\" data-search-key=\"parebrise\"><div class=\"fg-layout-3-item eael-gallery-grid-item\"><a href=\"https:\/\/diag-kal.fr\/wp-content\/uploads\/2021\/05\/remplacement-parebrise-impact-e1621963122753.jpeg\" class=\"eael-magnific-link media-content-wrap\" data-elementor-open-lightbox=\"no\"><div class=\"fg-layout-3-item-thumb\"><img src=\"https:\/\/diag-kal.fr\/wp-content\/uploads\/2021\/05\/remplacement-parebrise-impact-e1621963122753.jpeg\" data-lazy-src=\"https:\/\/diag-kal.fr\/wp-content\/uploads\/2021\/05\/remplacement-parebrise-impact-e1621963122753.jpeg\" alt=\"\" class=\"gallery-item-thumbnail\"><div class=\"gallery-item-caption-wrap card-hover-bg caption-style-hoverer\"><div class=\"fg-caption-head\"><\/div><\/div><\/div><\/a><div class=\"fg-layout-3-item-content\"><h5 class=\"fg-item-title\">Parebrise<\/h5><div class=\"fg-item-content\"><p>D\u00e8s qu\u2019il y a une fissure ou autres d\u00e9fauts, nous changeons le pare-brise, nous commandons le pare-brise dans la marque d\u2019origine.<\/p>\n<\/div><\/div><\/div><\/div><div class=\"eael-filterable-gallery-item-wrap eael-cf-\" data-search-key=\"carrosserie\"><div class=\"fg-layout-3-item eael-gallery-grid-item\"><a href=\"https:\/\/diag-kal.fr\/wp-content\/uploads\/2021\/05\/combien-coute-la-carrosserie-dune-voiture-750x410-1-e1621963097104.jpeg\" class=\"eael-magnific-link media-content-wrap\" data-elementor-open-lightbox=\"no\"><div class=\"fg-layout-3-item-thumb\"><img src=\"https:\/\/diag-kal.fr\/wp-content\/uploads\/2021\/05\/combien-coute-la-carrosserie-dune-voiture-750x410-1-e1621963097104.jpeg\" data-lazy-src=\"https:\/\/diag-kal.fr\/wp-content\/uploads\/2021\/05\/combien-coute-la-carrosserie-dune-voiture-750x410-1-e1621963097104.jpeg\" alt=\"\" class=\"gallery-item-thumbnail\"><div class=\"gallery-item-caption-wrap card-hover-bg caption-style-hoverer\"><div class=\"fg-caption-head\"><\/div><\/div><\/div><\/a><div class=\"fg-layout-3-item-content\"><h5 class=\"fg-item-title\">Carrosserie<\/h5><div class=\"fg-item-content\"><p>Gr\u00e2ce \u00e0 nos partenariats nous vous proposons la r\u00e9paration de carrosserie, nous faisons un devis puis prise de rendez-vous pour la r\u00e9paration.<\/p>\n<\/div><\/div><\/div><\/div>            <\/div>\n            \n                    <\/div>\n        \n        \t\t<\/div>\n\t\t\t\t<\/div>\n\t\t\t\t\t\t<\/div>\n\t\t\t\t\t<\/div>\n\t\t<\/div>\n\t\t\t\t\t\t\t\t<\/div>\n\t\t\t\t\t<\/div>\n\t\t<\/section>\n\t\t\t\t\t\t<\/div>\n\t\t\t\t\t\t<\/div>\n\t\t\t\t\t<\/div>\n\t\t","protected":false},"excerpt":{"rendered":"<p>R\u00e9paration Parebrise D\u00e8s qu\u2019il y a une fissure ou autres d\u00e9fauts, nous changeons le pare-brise, nous commandons le pare-brise dans la marque d\u2019origine. Carrosserie Gr\u00e2ce \u00e0 nos partenariats nous vous proposons la r\u00e9paration de carrosserie, nous faisons un devis puis prise de rendez-vous pour la r\u00e9paration.<\/p>\n","protected":false},"author":1,"featured_media":0,"parent":0,"menu_order":0,"comment_status":"closed","ping_status":"closed","template":"page-templates\/template-pagebuilder-full-width.php","meta":{"neve_meta_sidebar":"full-width","neve_meta_container":"","neve_meta_enable_content_width":"on","neve_meta_content_width":100,"neve_meta_title_alignment":"","neve_meta_author_avatar":"","neve_post_elements_order":"","neve_meta_disable_header":"","neve_meta_disable_footer":"","neve_meta_disable_title":""},"_links":{"self":[{"href":"https:\/\/diag-kal.fr\/index.php\/wp-json\/wp\/v2\/pages\/235"}],"collection":[{"href":"https:\/\/diag-kal.fr\/index.php\/wp-json\/wp\/v2\/pages"}],"about":[{"href":"https:\/\/diag-kal.fr\/index.php\/wp-json\/wp\/v2\/types\/page"}],"author":[{"embeddable":true,"href":"https:\/\/diag-kal.fr\/index.php\/wp-json\/wp\/v2\/users\/1"}],"replies":[{"embeddable":true,"href":"https:\/\/diag-kal.fr\/index.php\/wp-json\/wp\/v2\/comments?post=235"}],"version-history":[{"count":14,"href":"https:\/\/diag-kal.fr\/index.php\/wp-json\/wp\/v2\/pages\/235\/revisions"}],"predecessor-version":[{"id":544,"href":"https:\/\/diag-kal.fr\/index.php\/wp-json\/wp\/v2\/pages\/235\/revisions\/544"}],"wp:attachment":[{"href":"https:\/\/diag-kal.fr\/index.php\/wp-json\/wp\/v2\/media?parent=235"}],"curies":[{"name":"wp","href":"https:\/\/api.w.org\/{rel}","templated":true}]}}