{"id":154,"date":"2020-10-23T10:39:42","date_gmt":"2020-10-23T08:39:42","guid":{"rendered":"http:\/\/diag-kal.fr\/?page_id=154"},"modified":"2024-11-05T11:49:22","modified_gmt":"2024-11-05T10:49:22","slug":"services-electroniques","status":"publish","type":"page","link":"https:\/\/diag-kal.fr\/index.php\/services-electroniques\/","title":{"rendered":"Services \u00e9lectroniques"},"content":{"rendered":"\t\t<div data-elementor-type=\"wp-page\" data-elementor-id=\"154\" class=\"elementor elementor-154\" data-elementor-settings=\"[]\">\n\t\t\t\t\t\t<div class=\"elementor-inner\">\n\t\t\t\t\t\t\t<div class=\"elementor-section-wrap\">\n\t\t\t\t\t\t\t<section class=\"elementor-section elementor-top-section elementor-element elementor-element-7735cd6 elementor-section-boxed elementor-section-height-default elementor-section-height-default\" data-id=\"7735cd6\" data-element_type=\"section\">\n\t\t\t\t\t\t<div class=\"elementor-container elementor-column-gap-default\">\n\t\t\t\t\t\t\t<div class=\"elementor-row\">\n\t\t\t\t\t<div class=\"elementor-column elementor-col-100 elementor-top-column elementor-element elementor-element-b13216a\" data-id=\"b13216a\" data-element_type=\"column\">\n\t\t\t<div class=\"elementor-column-wrap elementor-element-populated\">\n\t\t\t\t\t\t\t<div class=\"elementor-widget-wrap\">\n\t\t\t\t\t\t<div class=\"elementor-element elementor-element-de461a3 eael-dual-header-content-align-center elementor-widget elementor-widget-eael-dual-color-header\" data-id=\"de461a3\" data-element_type=\"widget\" data-widget_type=\"eael-dual-color-header.default\">\n\t\t\t\t<div class=\"elementor-widget-container\">\n\t\t\t\n                <div class=\"eael-dual-header\">\n                <h2 class=\"title\"><span class=\"lead\">Nos presations<\/span> <span>\u00e9lectroniques<\/span><\/h2>\n                <span class=\"subtext\"><\/span>\n                                                        <i class=\"\"><\/i>\n                                            <\/div>\n    \n        \n        \n        \n        \t\t<\/div>\n\t\t\t\t<\/div>\n\t\t\t\t\t\t<\/div>\n\t\t\t\t\t<\/div>\n\t\t<\/div>\n\t\t\t\t\t\t\t\t<\/div>\n\t\t\t\t\t<\/div>\n\t\t<\/section>\n\t\t\t\t<section class=\"elementor-section elementor-top-section elementor-element elementor-element-54aeb3c elementor-section-boxed elementor-section-height-default elementor-section-height-default\" data-id=\"54aeb3c\" data-element_type=\"section\">\n\t\t\t\t\t\t<div class=\"elementor-container elementor-column-gap-default\">\n\t\t\t\t\t\t\t<div class=\"elementor-row\">\n\t\t\t\t\t<div class=\"elementor-column elementor-col-100 elementor-top-column elementor-element elementor-element-efd81ad\" data-id=\"efd81ad\" data-element_type=\"column\">\n\t\t\t<div class=\"elementor-column-wrap elementor-element-populated\">\n\t\t\t\t\t\t\t<div class=\"elementor-widget-wrap\">\n\t\t\t\t\t\t<div class=\"elementor-element elementor-element-e7357ab elementor-widget elementor-widget-text-editor\" data-id=\"e7357ab\" data-element_type=\"widget\" data-widget_type=\"text-editor.default\">\n\t\t\t\t<div class=\"elementor-widget-container\">\n\t\t\t\t\t<div class=\"elementor-text-editor elementor-clearfix\"><p>Carrosserie Diag-kal intervient quel que soit le <strong>probl\u00e8me m\u00e9canique<\/strong>\u00a0rencontr\u00e9 par votre v\u00e9hicule. Il peut effectuer le diagnostic de son syst\u00e8me de freinage incluant le contr\u00f4le des feux de stop et voyants ou la v\u00e9rification du bon fonctionnement de son frein \u00e0 main et de la p\u00e9dale de frein. Son \u00e9quipe de m\u00e9caniciens fait de m\u00eame pour le niveau et la temp\u00e9rature du liquide de frein ainsi que pour les autres \u00e9l\u00e9ments, dont le ma\u00eetre cylindre, les disques, les plaquettes, les \u00e9triers, les flexibles, etc. Votre v\u00e9hicule pr\u00e9sente des probl\u00e8mes d\u2019allumage ou de gestion moteur ? Le garage automobile toutes marques peut effectuer certaines v\u00e9rifications sur la performance de son calculateur, ses bougies d\u2019allumage et autres.<br \/>Recourez \u00e9galement aux services de cet \u00e9tablissement si les \u00e9l\u00e9ments de sa suspension pr\u00e9sentent des corrosions ou d\u2019\u00e9ventuelles fuites. Diag-kal\u00a0v\u00e9rifie la fixation et l\u2019usure irr\u00e9guli\u00e8re des pneumatiques.\u00a0<\/p><\/div>\n\t\t\t\t<\/div>\n\t\t\t\t<\/div>\n\t\t\t\t\t\t<\/div>\n\t\t\t\t\t<\/div>\n\t\t<\/div>\n\t\t\t\t\t\t\t\t<\/div>\n\t\t\t\t\t<\/div>\n\t\t<\/section>\n\t\t\t\t<section class=\"elementor-section elementor-top-section elementor-element elementor-element-672c1e4 elementor-section-boxed elementor-section-height-default elementor-section-height-default\" data-id=\"672c1e4\" data-element_type=\"section\">\n\t\t\t\t\t\t<div class=\"elementor-container elementor-column-gap-default\">\n\t\t\t\t\t\t\t<div class=\"elementor-row\">\n\t\t\t\t\t<div class=\"elementor-column elementor-col-100 elementor-top-column elementor-element elementor-element-4618d84\" data-id=\"4618d84\" data-element_type=\"column\">\n\t\t\t<div class=\"elementor-column-wrap elementor-element-populated\">\n\t\t\t\t\t\t\t<div class=\"elementor-widget-wrap\">\n\t\t\t\t\t\t<div class=\"elementor-element elementor-element-b713072 elementor-widget elementor-widget-heading\" data-id=\"b713072\" data-element_type=\"widget\" data-widget_type=\"heading.default\">\n\t\t\t\t<div class=\"elementor-widget-container\">\n\t\t\t<h2 class=\"elementor-heading-title elementor-size-default\"><br>La garantie constructeur<\/h2>\t\t<\/div>\n\t\t\t\t<\/div>\n\t\t\t\t\t\t<\/div>\n\t\t\t\t\t<\/div>\n\t\t<\/div>\n\t\t\t\t\t\t\t\t<\/div>\n\t\t\t\t\t<\/div>\n\t\t<\/section>\n\t\t\t\t<section class=\"elementor-section elementor-top-section elementor-element elementor-element-1494d9c elementor-section-boxed elementor-section-height-default elementor-section-height-default\" data-id=\"1494d9c\" data-element_type=\"section\">\n\t\t\t\t\t\t<div class=\"elementor-container elementor-column-gap-default\">\n\t\t\t\t\t\t\t<div class=\"elementor-row\">\n\t\t\t\t\t<div class=\"elementor-column elementor-col-100 elementor-top-column elementor-element elementor-element-4be4b3d\" data-id=\"4be4b3d\" data-element_type=\"column\">\n\t\t\t<div class=\"elementor-column-wrap elementor-element-populated\">\n\t\t\t\t\t\t\t<div class=\"elementor-widget-wrap\">\n\t\t\t\t\t\t<div class=\"elementor-element elementor-element-e4e2bd7 elementor-widget elementor-widget-text-editor\" data-id=\"e4e2bd7\" data-element_type=\"widget\" data-widget_type=\"text-editor.default\">\n\t\t\t\t<div class=\"elementor-widget-container\">\n\t\t\t\t\t<div class=\"elementor-text-editor elementor-clearfix\"><p>Carrosserie Diag-kal assure aussi la <strong>r\u00e9vision p\u00e9riodique<\/strong>\u00a0de votre voiture, consistant \u00e0 v\u00e9rifier, \u00e0 intervalles r\u00e9guliers ses composants, dont le moteur, la courroie de distribution, les freins\u2026. Le but est d\u2019entretenir sa performance, sa fiabilit\u00e9 ainsi que sa long\u00e9vit\u00e9. Le tout sert \u00e0 pr\u00e9server la garantie constructeur durant une p\u00e9riode d\u00e9termin\u00e9e de 1 \u00e0 2 ans.<\/p><\/div>\n\t\t\t\t<\/div>\n\t\t\t\t<\/div>\n\t\t\t\t<div class=\"elementor-element elementor-element-ad00ae3 elementor-widget elementor-widget-heading\" data-id=\"ad00ae3\" data-element_type=\"widget\" data-widget_type=\"heading.default\">\n\t\t\t\t<div class=\"elementor-widget-container\">\n\t\t\t<h2 class=\"elementor-heading-title elementor-size-default\">Les services \u00e9l\u00e9ctroniques<\/h2>\t\t<\/div>\n\t\t\t\t<\/div>\n\t\t\t\t<div class=\"elementor-element elementor-element-5856ff5 elementor-widget elementor-widget-text-editor\" data-id=\"5856ff5\" data-element_type=\"widget\" data-widget_type=\"text-editor.default\">\n\t\t\t\t<div class=\"elementor-widget-container\">\n\t\t\t\t\t<div class=\"elementor-text-editor elementor-clearfix\"><ul><li>Diagnostic \u00e9lectronique \u00e0 partir de 50\u20ac<\/li><li>Diagnostic valise d\u2019origine sur devis<\/li><li>FRM3 en r\u00e9paration \u00e0 partir de 140\u20ac<\/li><li>Programmation de cl\u00e9 \u00e0 partir de 50\u20ac<\/li><li>Double de cl\u00e9 avec programmation<\/li><li>Codage<\/li><li>Calculateur (moteur, airbag)<\/li><\/ul><\/div>\n\t\t\t\t<\/div>\n\t\t\t\t<\/div>\n\t\t\t\t\t\t<\/div>\n\t\t\t\t\t<\/div>\n\t\t<\/div>\n\t\t\t\t\t\t\t\t<\/div>\n\t\t\t\t\t<\/div>\n\t\t<\/section>\n\t\t\t\t<section class=\"elementor-section elementor-top-section elementor-element elementor-element-0d84a06 elementor-section-boxed elementor-section-height-default elementor-section-height-default\" data-id=\"0d84a06\" data-element_type=\"section\">\n\t\t\t\t\t\t<div class=\"elementor-container elementor-column-gap-default\">\n\t\t\t\t\t\t\t<div class=\"elementor-row\">\n\t\t\t\t\t<div class=\"elementor-column elementor-col-100 elementor-top-column elementor-element elementor-element-9e2a989\" data-id=\"9e2a989\" data-element_type=\"column\">\n\t\t\t<div class=\"elementor-column-wrap elementor-element-populated\">\n\t\t\t\t\t\t\t<div class=\"elementor-widget-wrap\">\n\t\t\t\t\t\t<div class=\"elementor-element elementor-element-7e6cdfd elementor-widget elementor-widget-image\" data-id=\"7e6cdfd\" data-element_type=\"widget\" data-widget_type=\"image.default\">\n\t\t\t\t<div class=\"elementor-widget-container\">\n\t\t\t\t\t<div class=\"elementor-image\">\n\t\t\t\t\t\t\t\t\t\t<img width=\"600\" height=\"400\" src=\"https:\/\/diag-kal.fr\/wp-content\/uploads\/2020\/10\/car-3258541_1920-600x400.jpg\" class=\"attachment-woocommerce_single size-woocommerce_single\" alt=\"\" loading=\"lazy\" srcset=\"https:\/\/diag-kal.fr\/wp-content\/uploads\/2020\/10\/car-3258541_1920-600x400.jpg 600w, https:\/\/diag-kal.fr\/wp-content\/uploads\/2020\/10\/car-3258541_1920-300x200.jpg 300w, https:\/\/diag-kal.fr\/wp-content\/uploads\/2020\/10\/car-3258541_1920-1024x683.jpg 1024w, https:\/\/diag-kal.fr\/wp-content\/uploads\/2020\/10\/car-3258541_1920-768x512.jpg 768w, https:\/\/diag-kal.fr\/wp-content\/uploads\/2020\/10\/car-3258541_1920-1536x1024.jpg 1536w, https:\/\/diag-kal.fr\/wp-content\/uploads\/2020\/10\/car-3258541_1920-930x620.jpg 930w, https:\/\/diag-kal.fr\/wp-content\/uploads\/2020\/10\/car-3258541_1920.jpg 1920w\" sizes=\"(max-width: 600px) 100vw, 600px\" \/>\t\t\t\t\t\t\t\t\t\t\t<\/div>\n\t\t\t\t<\/div>\n\t\t\t\t<\/div>\n\t\t\t\t\t\t<\/div>\n\t\t\t\t\t<\/div>\n\t\t<\/div>\n\t\t\t\t\t\t\t\t<\/div>\n\t\t\t\t\t<\/div>\n\t\t<\/section>\n\t\t\t\t\t\t<\/div>\n\t\t\t\t\t\t<\/div>\n\t\t\t\t\t<\/div>\n\t\t","protected":false},"excerpt":{"rendered":"<p>Nos presations \u00e9lectroniques Carrosserie Diag-kal intervient quel que soit le probl\u00e8me m\u00e9canique\u00a0rencontr\u00e9 par votre v\u00e9hicule. Il peut effectuer le diagnostic de son syst\u00e8me de freinage incluant le contr\u00f4le des feux de stop et voyants ou la v\u00e9rification du bon fonctionnement de son frein \u00e0 main et de la p\u00e9dale de frein. Son \u00e9quipe de m\u00e9caniciens&hellip;&nbsp;<a href=\"https:\/\/diag-kal.fr\/index.php\/services-electroniques\/\" class=\"\" rel=\"bookmark\">Lire la suite &raquo;<span class=\"screen-reader-text\">Services \u00e9lectroniques<\/span><\/a><\/p>\n","protected":false},"author":1,"featured_media":0,"parent":0,"menu_order":0,"comment_status":"closed","ping_status":"closed","template":"page-templates\/template-pagebuilder-full-width.php","meta":{"neve_meta_sidebar":"full-width","neve_meta_container":"","neve_meta_enable_content_width":"on","neve_meta_content_width":100,"neve_meta_title_alignment":"","neve_meta_author_avatar":"","neve_post_elements_order":"","neve_meta_disable_header":"","neve_meta_disable_footer":"","neve_meta_disable_title":""},"_links":{"self":[{"href":"https:\/\/diag-kal.fr\/index.php\/wp-json\/wp\/v2\/pages\/154"}],"collection":[{"href":"https:\/\/diag-kal.fr\/index.php\/wp-json\/wp\/v2\/pages"}],"about":[{"href":"https:\/\/diag-kal.fr\/index.php\/wp-json\/wp\/v2\/types\/page"}],"author":[{"embeddable":true,"href":"https:\/\/diag-kal.fr\/index.php\/wp-json\/wp\/v2\/users\/1"}],"replies":[{"embeddable":true,"href":"https:\/\/diag-kal.fr\/index.php\/wp-json\/wp\/v2\/comments?post=154"}],"version-history":[{"count":14,"href":"https:\/\/diag-kal.fr\/index.php\/wp-json\/wp\/v2\/pages\/154\/revisions"}],"predecessor-version":[{"id":1208,"href":"https:\/\/diag-kal.fr\/index.php\/wp-json\/wp\/v2\/pages\/154\/revisions\/1208"}],"wp:attachment":[{"href":"https:\/\/diag-kal.fr\/index.php\/wp-json\/wp\/v2\/media?parent=154"}],"curies":[{"name":"wp","href":"https:\/\/api.w.org\/{rel}","templated":true}]}}